{"id":56,"date":"2025-03-01T11:02:23","date_gmt":"2025-03-01T11:02:23","guid":{"rendered":"https:\/\/gridgrow.pl\/?page_id=56"},"modified":"2025-03-01T11:19:32","modified_gmt":"2025-03-01T11:19:32","slug":"kontakt","status":"publish","type":"page","link":"https:\/\/gridgrow.pl\/?page_id=56","title":{"rendered":"Kontakt"},"content":{"rendered":"\n<p>LIZBONA PV SP\u00d3\u0141KA Z OGRANICZON\u0104 ODPOWIEDZIALNO\u015aCI\u0104<\/p>\n\n\n\n<p><\/p>\n\n\n\n<p>Adres siedziby:<\/p>\n\n\n\n<p>ul. Norberta Barlickiego 2<\/p>\n\n\n\n<p>97-200 Tomasz\u00f3w Mazowiecki<\/p>\n\n\n\n<p>e-mail: biuro@mh.com.pl<\/p>\n\n\n\n<p><\/p>\n\n\n\n<p>KRS: 0000846723    |    NIP: 7732493170    |    REGON: 386330273<\/p>\n\n\n\n<p><\/p>\n","protected":false},"excerpt":{"rendered":"<p>LIZBONA PV SP\u00d3\u0141KA Z OGRANICZON\u0104 ODPOWIEDZIALNO\u015aCI\u0104 Adres siedziby: ul. Norberta Barlickiego 2 97-200 Tomasz\u00f3w Mazowiecki e-mail: biuro@mh.com.pl KRS: 0000846723 | NIP: 7732493170 | REGON: 386330273<\/p>\n","protected":false},"author":1,"featured_media":0,"parent":0,"menu_order":0,"comment_status":"closed","ping_status":"closed","template":"","meta":{"footnotes":""},"class_list":["post-56","page","type-page","status-publish","hentry"],"_links":{"self":[{"href":"https:\/\/gridgrow.pl\/index.php?rest_route=\/wp\/v2\/pages\/56","targetHints":{"allow":["GET"]}}],"collection":[{"href":"https:\/\/gridgrow.pl\/index.php?rest_route=\/wp\/v2\/pages"}],"about":[{"href":"https:\/\/gridgrow.pl\/index.php?rest_route=\/wp\/v2\/types\/page"}],"author":[{"embeddable":true,"href":"https:\/\/gridgrow.pl\/index.php?rest_route=\/wp\/v2\/users\/1"}],"replies":[{"embeddable":true,"href":"https:\/\/gridgrow.pl\/index.php?rest_route=%2Fwp%2Fv2%2Fcomments&post=56"}],"version-history":[{"count":6,"href":"https:\/\/gridgrow.pl\/index.php?rest_route=\/wp\/v2\/pages\/56\/revisions"}],"predecessor-version":[{"id":72,"href":"https:\/\/gridgrow.pl\/index.php?rest_route=\/wp\/v2\/pages\/56\/revisions\/72"}],"wp:attachment":[{"href":"https:\/\/gridgrow.pl\/index.php?rest_route=%2Fwp%2Fv2%2Fmedia&parent=56"}],"curies":[{"name":"wp","href":"https:\/\/api.w.org\/{rel}","templated":true}]}}